{"id":364,"date":"2023-03-10T23:13:48","date_gmt":"2023-03-10T22:13:48","guid":{"rendered":"http:\/\/176.180.167.43:8000\/portfolio\/?page_id=364"},"modified":"2023-03-18T10:44:11","modified_gmt":"2023-03-18T09:44:11","slug":"competences","status":"publish","type":"page","link":"https:\/\/portfolio.wakalas.xyz\/?page_id=364","title":{"rendered":"Comp\u00e9tences"},"content":{"rendered":"\n<hr class=\"wp-block-separator has-text-color has-foreground-color has-alpha-channel-opacity has-foreground-background-color has-background is-style-default\"\/>\n\n\n\n<p class=\"has-text-align-center\">Voici le r\u00e9capitulatif de mes diff\u00e9rentes comp\u00e9tences acquis dans plusieurs domaines diff\u00e9rents. Ces comp\u00e9tences ont \u00e9t\u00e9 obtenues pendant mes \u00e9tudes, mes exp\u00e9riences professionnelles ainsi que pendant mes hobbies. <\/p>\n\n\n\n<div class=\"wp-block-columns alignwide is-layout-flex wp-container-core-columns-is-layout-28f84493 wp-block-columns-is-layout-flex\">\n<div class=\"wp-block-column is-vertically-aligned-center is-layout-flow wp-block-column-is-layout-flow\" style=\"flex-basis:66.66%\">\n<h4 class=\"has-text-align-center has-background-color has-primary-background-color has-text-color has-background has-small-font-size wp-block-heading\" id=\"hard-skills\" style=\"text-transform:uppercase\"><span style=\"text-decoration: underline;\" class=\"ek-underline\"><strong>HARD SKILLS<\/strong><\/span><\/h4>\n\n\n\n<h2 class=\"has-text-align-center has-background-color has-foreground-background-color has-text-color has-background has-small-font-size wp-block-heading\" id=\"competances-en-informatique\" style=\"text-transform:none\">\ud83d\udcbb Comp\u00e9tences en ch\u00e9moinformatique et en informatique \ud83d\udcbb<\/h2>\n\n\n\n<div class=\"wp-block-columns is-layout-flex wp-container-core-columns-is-layout-28f84493 wp-block-columns-is-layout-flex\">\n<div class=\"wp-block-column is-layout-flow wp-block-column-is-layout-flow\">\n<div class=\"wp-block-columns alignwide has-background-color has-foreground-background-color has-text-color has-background is-layout-flex wp-container-core-columns-is-layout-28f84493 wp-block-columns-is-layout-flex\">\n<div class=\"wp-block-column is-layout-flow wp-block-column-is-layout-flow\">\n<ul class=\"wp-block-list\">\n<li>Instant JChem<\/li>\n\n\n\n<li>KNIME Analytics<\/li>\n\n\n\n<li>Weka <\/li>\n\n\n\n<li>Utilisation et gestion de base de donn\u00e9es (Chimique ou autre)<\/li>\n\n\n\n<li>Bash unix shell programming<\/li>\n\n\n\n<li>GROMACS<\/li>\n\n\n\n<li>Programmation orient\u00e9e objet (Java)<\/li>\n<\/ul>\n<\/div>\n\n\n\n<div class=\"wp-block-column is-layout-flow wp-block-column-is-layout-flow\">\n<ul class=\"wp-block-list\">\n<li>C# (.NET,  WPF)<\/li>\n\n\n\n<li>Python<\/li>\n\n\n\n<li>WordPress<\/li>\n\n\n\n<li>Adobe Illustrator<\/li>\n\n\n\n<li>Adobe Photoshop Elements<\/li>\n\n\n\n<li>Microsoft Office (Word, Excel, Powerpoint)<\/li>\n\n\n\n<li>Cinema 4D (3D modeling &amp; animation)<\/li>\n\n\n\n<li>Syst\u00e8me d&rsquo;Exploitation et r\u00e9seaux | D\u00e9pannage (Software &amp; Hardware<\/li>\n<\/ul>\n<\/div>\n<\/div>\n<\/div>\n<\/div>\n\n\n\n<hr class=\"wp-block-separator has-text-color has-foreground-color has-alpha-channel-opacity has-foreground-background-color has-background is-style-wide\"\/>\n\n\n\n<h5 class=\"has-text-align-center has-background-color has-foreground-background-color has-text-color has-background has-small-font-size wp-block-heading\" id=\"competences-en-physique-chimie\" style=\"text-transform:none\">\ud83e\uddea Comp\u00e9tences en physique chimie \u269b\ufe0f<\/h5>\n\n\n\n<div class=\"wp-block-columns has-background-color has-foreground-background-color has-text-color has-background is-layout-flex wp-container-core-columns-is-layout-28f84493 wp-block-columns-is-layout-flex\">\n<div class=\"wp-block-column is-layout-flow wp-block-column-is-layout-flow\">\n<ul class=\"wp-block-list\">\n<li>Connaissances des montages \u00e9l\u00e9mentaires verreries, montage \u00e0 reflux, est\u00e9rification, saponification, organomagn\u00e9siens, halog\u00e9nations, extraction de produits naturels, pr\u00e9paration des r\u00e9actifs aqueux (acide, base).<\/li>\n\n\n\n<li>Filtration, d\u00e9cantation, chromatographie sur couche mince, distillation atmosph\u00e9rique et pression r\u00e9duite ,\u00e9vaporateur rotatif, recristallisation, colonne chromatographique.<\/li>\n\n\n\n<li>Principes spectroscopiques<\/li>\n\n\n\n<li>Connaissance de la gestion des d\u00e9chets<\/li>\n\n\n\n<li>Savoir analyser des risques chimiques<\/li>\n\n\n\n<li>Ma\u00eetriser les bases de donn\u00e9es et moteurs de recherches scientifiques (SciFinder et PubMed) pour arriver \u00e0 une recherche bibliographique.<\/li>\n\n\n\n<li>Citation\u00a0des r\u00e9f\u00e9rences bibliographiques dans un rapport.<\/li>\n\n\n\n<li>Connaissance des diff\u00e9rents appareils et m\u00e9thodes de caract\u00e9risation.<\/li>\n\n\n\n<li>R\u00e9actions de substitution, addition, \u00e9limination<\/li>\n<\/ul>\n<\/div>\n\n\n\n<div class=\"wp-block-column is-layout-flow wp-block-column-is-layout-flow\">\n<ul class=\"wp-block-list\">\n<li>Selon propri\u00e9t\u00e9s physiques Banc Koffler, polarim\u00e9trie ou caract\u00e9risation qualitative, tests color\u00e9s, pr\u00e9cipit\u00e9s ou quantitatifs chromatographies (HPLC, CPG) et structurale spectroscopiques.<\/li>\n\n\n\n<li>Dosages Colorim\u00e9trique, ph-m\u00e8tre, iodom\u00e9trique, conductim\u00e9trique, d\u2019oxydor\u00e9duction.<\/li>\n\n\n\n<li>Cahier de laboratoire, rapport et pr\u00e9sentation exp\u00e9rimentaux&nbsp;<\/li>\n\n\n\n<li>Caract\u00e9risation des mol\u00e9cules organique, IR, RMN et interpr\u00e9tation.\u00a0<\/li>\n\n\n\n<li>Introduction aux techniques chromatographiques (CCM, HPLC, CPG)<\/li>\n\n\n\n<li>Techniques de purification (recristallisation, filtration, distillation, s\u00e9paration)<\/li>\n\n\n\n<li>Lire et interpr\u00e9ter des r\u00e9sultats exp\u00e9rimentaux.<\/li>\n\n\n\n<li>Acides\/bases, oxydor\u00e9duction, \u00e9quilibre chimique<\/li>\n\n\n\n<li>R\u00e9daction de rapport scientifique<\/li>\n<\/ul>\n<\/div>\n<\/div>\n\n\n\n<hr class=\"wp-block-separator has-text-color has-primary-color has-alpha-channel-opacity has-primary-background-color has-background is-style-wide\"\/>\n<\/div>\n\n\n\n<div class=\"wp-block-column is-layout-flow wp-block-column-is-layout-flow\" style=\"flex-basis:33.33%\">\n<h4 class=\"has-text-align-center has-background-color has-primary-background-color has-text-color has-background has-small-font-size wp-block-heading\" id=\"langues\" style=\"text-transform:uppercase\"><strong><span style=\"text-decoration: underline;\" class=\"ek-underline\">LANGUES<\/span><\/strong><\/h4>\n\n\n\n<p class=\"has-text-align-center has-foreground-color has-text-color\" style=\"text-transform:none\">\ud83c\uddeb\ud83c\uddf7 <strong>FRAN\u00c7AIS<\/strong> : langue secondaire \ud83c\uddeb\ud83c\uddf7  <\/p>\n\n\n\n<p class=\"has-text-align-center has-foreground-color has-text-color\" style=\"font-size:20px\">\ud83c\udde6\ud83c\uddf2 <strong>ARM\u00c9NIEN<\/strong> : langue maternelle \ud83c\udde6\ud83c\uddf2<\/p>\n\n\n\n<p class=\"has-text-align-center has-foreground-color has-text-color\" style=\"font-size:20px\">\ud83c\uddec\ud83c\udde7 <strong>ANGLAIS<\/strong> : niveau B2 (certifi\u00e9) \ud83c\uddec\ud83c\udde7<\/p>\n\n\n\n<p class=\"has-text-align-center has-foreground-color has-text-color\" style=\"font-size:20px\">\ud83c\uddf7\ud83c\uddfa <strong>RUSSE<\/strong> : niveau B1 \ud83c\uddf7\ud83c\uddfa<\/p>\n\n\n\n<p class=\"has-text-align-center has-foreground-color has-text-color\" style=\"font-size:20px\">\ud83c\udde9\ud83c\uddea <strong>ALLEMAND<\/strong> : niveau A2 \ud83c\udde9\ud83c\uddea<\/p>\n\n\n\n<hr class=\"wp-block-separator has-text-color has-primary-color has-alpha-channel-opacity has-primary-background-color has-background is-style-wide\"\/>\n\n\n\n<h2 class=\"has-text-align-center has-background-color has-primary-background-color has-text-color has-background has-small-font-size wp-block-heading\" style=\"text-transform:uppercase\"><strong><span style=\"text-decoration: underline;\" class=\"ek-underline\">SOFT SKILLS<\/span><\/strong><\/h2>\n\n\n\n<ul class=\"has-background-color has-foreground-background-color has-text-color has-background wp-block-list\">\n<li>Autonomie <\/li>\n\n\n\n<li>Leadership<\/li>\n\n\n\n<li>Flexibilit\u00e9<\/li>\n\n\n\n<li>Comp\u00e9titive<\/li>\n\n\n\n<li>Ponctualit\u00e9<\/li>\n\n\n\n<li>Adaptation<\/li>\n\n\n\n<li>Diplomatie<\/li>\n\n\n\n<li>Parler en publique<\/li>\n\n\n\n<li>Influant<\/li>\n\n\n\n<li>P\u00e9dagogue<\/li>\n\n\n\n<li>Gestion de temps<\/li>\n\n\n\n<li>Priorisation des t\u00e2ches<\/li>\n\n\n\n<li>Gestion de stress<\/li>\n\n\n\n<li>Respect <\/li>\n<\/ul>\n\n\n\n<hr class=\"wp-block-separator has-text-color has-primary-color has-alpha-channel-opacity has-primary-background-color has-background is-style-wide\"\/>\n\n\n\n<h4 class=\"has-text-align-center has-background-color has-primary-background-color has-text-color has-background has-small-font-size wp-block-heading\"><strong><span style=\"text-decoration: underline;\" class=\"ek-underline\">MAD SKILLS<\/span><\/strong><\/h4>\n\n\n\n<ul class=\"has-background-color has-foreground-background-color has-text-color has-background wp-block-list\">\n<li>Gestion de nutrition sportif ou autres (Calories, Macronutriments, Compl\u00e9ments alimentaires)  \ud83c\udf4e<\/li>\n\n\n\n<li>Musculation (Hypertrophie, Force, Endurance)  \ud83c\udfcb\ufe0f<\/li>\n\n\n\n<li>Haut class\u00e9 (Platine\/Diamond) dans plusieurs jeux vid\u00e9os comp\u00e9titifs \ud83c\udfae<\/li>\n<\/ul>\n\n\n\n<h2 class=\"has-text-align-center has-background-color has-primary-background-color has-text-color has-background has-small-font-size wp-block-heading\"><span style=\"text-decoration: underline;\" class=\"ek-underline\">AUTRES COMP\u00c9TENCES<\/span> <\/h2>\n\n\n\n<ul class=\"has-background-color has-foreground-background-color has-text-color has-background wp-block-list\">\n<li>Gestion de d\u00e9marches administratives<\/li>\n\n\n\n<li>Pluridisciplinarit\u00e9  <\/li>\n<\/ul>\n\n\n\n<hr class=\"wp-block-separator has-text-color has-primary-color has-alpha-channel-opacity has-primary-background-color has-background is-style-wide\"\/>\n<\/div>\n<\/div>\n","protected":false},"excerpt":{"rendered":"<p>Voici le r\u00e9capitulatif de mes diff\u00e9rentes comp\u00e9tences acquis dans plusieurs domaines diff\u00e9rents. Ces comp\u00e9tences ont \u00e9t\u00e9 obtenues pendant mes \u00e9tudes, mes exp\u00e9riences professionnelles ainsi que pendant mes hobbies. HARD SKILLS \ud83d\udcbb Comp\u00e9tences en ch\u00e9moinformatique et en informatique \ud83d\udcbb \ud83e\uddea Comp\u00e9tences en physique chimie \u269b\ufe0f LANGUES \ud83c\uddeb\ud83c\uddf7 FRAN\u00c7AIS : langue secondaire \ud83c\uddeb\ud83c\uddf7 \ud83c\udde6\ud83c\uddf2 ARM\u00c9NIEN : langue<a class=\"more-link\" href=\"https:\/\/portfolio.wakalas.xyz\/?page_id=364\">Continue reading <span class=\"screen-reader-text\">\u00ab\u00a0Comp\u00e9tences\u00a0\u00bb<\/span><\/a><\/p>\n","protected":false},"author":1,"featured_media":0,"parent":0,"menu_order":0,"comment_status":"closed","ping_status":"closed","template":"","meta":{"_editorskit_title_hidden":false,"_editorskit_reading_time":1,"_editorskit_is_block_options_detached":false,"_editorskit_block_options_position":"{}","footnotes":""},"class_list":["post-364","page","type-page","status-publish","hentry","entry"],"_links":{"self":[{"href":"https:\/\/portfolio.wakalas.xyz\/index.php?rest_route=\/wp\/v2\/pages\/364","targetHints":{"allow":["GET"]}}],"collection":[{"href":"https:\/\/portfolio.wakalas.xyz\/index.php?rest_route=\/wp\/v2\/pages"}],"about":[{"href":"https:\/\/portfolio.wakalas.xyz\/index.php?rest_route=\/wp\/v2\/types\/page"}],"author":[{"embeddable":true,"href":"https:\/\/portfolio.wakalas.xyz\/index.php?rest_route=\/wp\/v2\/users\/1"}],"replies":[{"embeddable":true,"href":"https:\/\/portfolio.wakalas.xyz\/index.php?rest_route=%2Fwp%2Fv2%2Fcomments&post=364"}],"version-history":[{"count":36,"href":"https:\/\/portfolio.wakalas.xyz\/index.php?rest_route=\/wp\/v2\/pages\/364\/revisions"}],"predecessor-version":[{"id":717,"href":"https:\/\/portfolio.wakalas.xyz\/index.php?rest_route=\/wp\/v2\/pages\/364\/revisions\/717"}],"wp:attachment":[{"href":"https:\/\/portfolio.wakalas.xyz\/index.php?rest_route=%2Fwp%2Fv2%2Fmedia&parent=364"}],"curies":[{"name":"wp","href":"https:\/\/api.w.org\/{rel}","templated":true}]}}