{"id":53,"date":"2022-01-16T00:54:08","date_gmt":"2022-01-15T23:54:08","guid":{"rendered":"https:\/\/wakalas.wordpress.com\/?page_id=53"},"modified":"2023-03-20T23:06:04","modified_gmt":"2023-03-20T22:06:04","slug":"projets","status":"publish","type":"page","link":"https:\/\/portfolio.wakalas.xyz\/?page_id=53","title":{"rendered":"Projets"},"content":{"rendered":"\n<hr class=\"wp-block-separator has-text-color has-foreground-color has-alpha-channel-opacity has-foreground-background-color has-background\"\/>\n\n\n\n<p class=\"has-text-align-center\">Voici un r\u00e9capitulatif de mes projets effectu\u00e9s dans plusieurs domaines, que \u00e7a soit lors de mon parcours scolaire ou professionnel.<\/p>\n\n\n\n<div class=\"wp-block-columns alignwide are-vertically-aligned-center is-not-stacked-on-mobile is-style-gapless is-layout-flex wp-container-core-columns-is-layout-28f84493 wp-block-columns-is-layout-flex\">\n<div class=\"wp-block-column is-vertically-aligned-center is-layout-flow wp-block-column-is-layout-flow\" style=\"flex-basis:100%\"><div class=\"rt-container-fluid tlp-portfolio tlp-portfolio-container is-isotope\" id=\"tlp-portfolio-container-302\" data-layout=\"isotope3\"><div class=\"rt-row isotope3 \" data-title='Loading ...'><div class=\"tlp-portfolio-isotope-button button-group filter-button-group option-set\"><button data-filter=\"*\" class=\"selected\">Show all<\/button><button data-filter='.autres'>Autres<\/button><button data-filter='.chemoinformatique'>Ch\u00e9moinformatique<\/button><button data-filter='.chimie'>Chimie<\/button><button data-filter='.informatique'>Informatique<\/button><\/div><div class=\"tlp-portfolio-isotope\"><div class=\"tlp-col-md-4 tlp-col-sm-2 tlp-col-xs-6 tlp-single-item tlp-isotope-item iso_11 autres\">\r\n\t<div class=\"tlp-portfolio-item\">\r\n\t\t\t\t\t\t\t\t\t<div class=\"tlp-content\">\r\n\t\t\t\t\t<div class=\"tlp-content-holder\">\r\n\t\t\t\t\t\t<h3><a href=\"https:\/\/portfolio.wakalas.xyz\/?portfolio=creation-didentite-visuelle-dentreprise-mossdecor\">Cr\u00e9ation d&rsquo;identit\u00e9 visuelle d&rsquo;entreprise (MossDecor)<\/a><\/h3>\r\n\t\t\t\t\t\t<div class=\"extra-features\"> <div class=\"tlp-portfolio-sd\">Cr\u00e9ation de logo, carte de visite,  template de factures etc.<\/div> <ul><li class=\"completed-date\"><label>Completed Date :<\/label>03-04-2021<\/li><li class=\"tools\"><label>Categories :<\/label>Autres<\/li><li class=\"tools\"><label>Tools :<\/label>Adobe Illustrator, Adobe Photoshop Elements, Word<\/li><\/ul><\/div>\r\n\t\t\t\t\t<\/div>\r\n\t\t\t\t<\/div>\t<\/div>\r\n<\/div>\r\n<div class=\"tlp-col-md-4 tlp-col-sm-2 tlp-col-xs-6 tlp-single-item tlp-isotope-item iso_10 chimie\">\r\n\t<div class=\"tlp-portfolio-item\">\r\n\t\t\t\t\t\t\t\t\t<div class=\"tlp-content\">\r\n\t\t\t\t\t<div class=\"tlp-content-holder\">\r\n\t\t\t\t\t\t<h3><a href=\"https:\/\/portfolio.wakalas.xyz\/?portfolio=synthese-et-etude-dun-complexe-a-transition-de-spin-polymere-de-tritriazole-de-fer\">Synth\u00e8se et \u00e9tude d\u2019un complexe \u00e0 transition de spin (polym\u00e8re de tri(triazole) de fer)<\/a><\/h3>\r\n\t\t\t\t\t\t<div class=\"extra-features\"> <div class=\"tlp-portfolio-sd\">Synth\u00e8se d&rsquo;un complexe \u00e0 transition de spin, ces complexes peuvent changer d&rsquo;\u00e9tat de spin ainsi que leurs propri\u00e9t\u00e9s physiques.<\/div> <ul><li class=\"completed-date\"><label>Completed Date :<\/label>26-09-2022<\/li><li class=\"tools\"><label>Categories :<\/label>Chimie<\/li><li class=\"tools\"><label>Tools :<\/label>Chauffage \u00e0 reflux, Atmosph\u00e8re inerte, Filtration sous cellite, Evaporateur Rotatif, Pompe \u00e0 vide (rampe), Spectroscopie IR, Spectroscopie UV-Visible, Banc Koffler, Magn\u00e9tom\u00e8tre SQUIDE<\/li><\/ul><\/div>\r\n\t\t\t\t\t<\/div>\r\n\t\t\t\t<\/div>\t<\/div>\r\n<\/div>\r\n<div class=\"tlp-col-md-4 tlp-col-sm-2 tlp-col-xs-6 tlp-single-item tlp-isotope-item iso_9 chemoinformatique\">\r\n\t<div class=\"tlp-portfolio-item\">\r\n\t\t\t\t\t\t\t\t\t<div class=\"tlp-content\">\r\n\t\t\t\t\t<div class=\"tlp-content-holder\">\r\n\t\t\t\t\t\t<h3><a href=\"https:\/\/portfolio.wakalas.xyz\/?portfolio=etude-de-base-de-donnees-chimie-freedom-et-real-base-sur-des-analyse-gtm-projet-en-cours\">Comparaisons de base Freedom et REAL via GTM Analysis (En cours &#8230;)<\/a><\/h3>\r\n\t\t\t\t\t\t<div class=\"extra-features\"> <div class=\"tlp-portfolio-sd\">Comparaisons de base de donn\u00e9es chimiques Freedom et REAL en utilisant sur des analyse GTM (Generative Topologic Maps)<\/div> <ul><li class=\"tools\"><label>Categories :<\/label>Ch\u00e9moinformatique<\/li><li class=\"tools\"><label>Tools :<\/label>MarvinView, Python, ISIDA GTM, Linux, ChemAxon<\/li><\/ul><\/div>\r\n\t\t\t\t\t<\/div>\r\n\t\t\t\t<\/div>\t<\/div>\r\n<\/div>\r\n<div class=\"tlp-col-md-4 tlp-col-sm-2 tlp-col-xs-6 tlp-single-item tlp-isotope-item iso_10 chimie\">\r\n\t<div class=\"tlp-portfolio-item\">\r\n\t\t\t\t\t\t\t\t\t<div class=\"tlp-content\">\r\n\t\t\t\t\t<div class=\"tlp-content-holder\">\r\n\t\t\t\t\t\t<h3><a href=\"https:\/\/portfolio.wakalas.xyz\/?portfolio=synthese-inorganique-de-terpyridine-et-de-ces-complexes-zn-cu\">Synth\u00e8se inorganique de terpyridines et de leurs complexes (Zn, Cu)<\/a><\/h3>\r\n\t\t\t\t\t\t<div class=\"extra-features\"> <div class=\"tlp-portfolio-sd\">Synth\u00e8se de Pyridinyl-Terpyridine et de Carboxyph\u00e9nyl-Pyridine suivi de la synth\u00e8se des complexe de PyTpy de Zinc et de cuivre en TP. <\/div> <ul><li class=\"completed-date\"><label>Completed Date :<\/label>24-04-2022<\/li><li class=\"tools\"><label>Categories :<\/label>Chimie<\/li><li class=\"tools\"><label>Tools :<\/label>Distillation, Recristallisation, Evaporateur Rotatif, Pompe \u00e0 vide (rampe), Filtration, CCM-UV , Spectroscopie RMN (MestReNova, Spectroscopie IR, Spectroscopie UV-Visible Banc Koffler<\/li><\/ul><\/div>\r\n\t\t\t\t\t<\/div>\r\n\t\t\t\t<\/div>\t<\/div>\r\n<\/div>\r\n<div class=\"tlp-col-md-4 tlp-col-sm-2 tlp-col-xs-6 tlp-single-item tlp-isotope-item iso_10 chimie\">\r\n\t<div class=\"tlp-portfolio-item\">\r\n\t\t\t\t\t\t\t\t\t<div class=\"tlp-content\">\r\n\t\t\t\t\t<div class=\"tlp-content-holder\">\r\n\t\t\t\t\t\t<h3><a href=\"https:\/\/portfolio.wakalas.xyz\/?portfolio=synthese-organique-1-phenyl-17-heptanediol\">Synth\u00e8se organique (1-PHENYL 1,7-HEPTANEDIOL)<\/a><\/h3>\r\n\t\t\t\t\t\t<div class=\"extra-features\"> <div class=\"tlp-portfolio-sd\">Synth\u00e8se organique du 1-PHENYL 1,7-HEPTANEDIOL (pr\u00e9curseur de mol\u00e9cules dans le domaine de la pharmacologie)<\/div> <ul><li class=\"completed-date\"><label>Completed Date :<\/label>10-03-2022<\/li><li class=\"tools\"><label>Categories :<\/label>Chimie<\/li><li class=\"tools\"><label>Tools :<\/label>Distillation, Dean Stark, Filtration, Purification par chromatographie sur gel de silice, Spectroscopie RMN (MestReNova, Spectroscopie IR, Banc Koffler<\/li><\/ul><\/div>\r\n\t\t\t\t\t<\/div>\r\n\t\t\t\t<\/div>\t<\/div>\r\n<\/div>\r\n<div class=\"tlp-col-md-4 tlp-col-sm-2 tlp-col-xs-6 tlp-single-item tlp-isotope-item iso_10 chimie\">\r\n\t<div class=\"tlp-portfolio-item\">\r\n\t\t\t\t\t\t\t\t\t<div class=\"tlp-content\">\r\n\t\t\t\t\t<div class=\"tlp-content-holder\">\r\n\t\t\t\t\t\t<h3><a href=\"https:\/\/portfolio.wakalas.xyz\/?portfolio=spectroscopie-rmn-decouverte-de-molecule-mystere\">Spectroscopie RMN: D\u00e9couverte de mol\u00e9cule myst\u00e8re<\/a><\/h3>\r\n\t\t\t\t\t\t<div class=\"extra-features\"> <div class=\"tlp-portfolio-sd\">Utilisation de spectres RMN via MestReNova afin de trouver une mol\u00e9cule myst\u00e8re<\/div> <ul><li class=\"completed-date\"><label>Completed Date :<\/label>20-12-2021<\/li><li class=\"tools\"><label>Categories :<\/label>Chimie<\/li><li class=\"tools\"><label>Tools :<\/label>Spectroscopie RMN, MestReNova, Chimie<\/li><\/ul><\/div>\r\n\t\t\t\t\t<\/div>\r\n\t\t\t\t<\/div>\t<\/div>\r\n<\/div>\r\n<div class=\"tlp-col-md-4 tlp-col-sm-2 tlp-col-xs-6 tlp-single-item tlp-isotope-item iso_11 autres\">\r\n\t<div class=\"tlp-portfolio-item\">\r\n\t\t\t\t\t\t\t\t\t<div class=\"tlp-content\">\r\n\t\t\t\t\t<div class=\"tlp-content-holder\">\r\n\t\t\t\t\t\t<h3><a href=\"https:\/\/portfolio.wakalas.xyz\/?portfolio=projet-corona-times\">Projet \u00ab\u00a0CORONA TIMES\u00a0\u00bb<\/a><\/h3>\r\n\t\t\t\t\t\t<div class=\"extra-features\"> <div class=\"tlp-portfolio-sd\">Journal \u00ab\u00a0CORONA Times\u00a0\u00bb qui parle du d\u00e9but de la pand\u00e9mie du Coronavirus pour un projet d&rsquo;anglais disciplinaire en L1<\/div> <ul><li class=\"completed-date\"><label>Completed Date :<\/label>06-04-2020<\/li><li class=\"tools\"><label>Categories :<\/label>Autres<\/li><li class=\"tools\"><label>Tools :<\/label>Adobe Illustrator, Adobe Photoshop Elements<\/li><\/ul><\/div>\r\n\t\t\t\t\t<\/div>\r\n\t\t\t\t<\/div>\t<\/div>\r\n<\/div>\r\n<div class=\"tlp-col-md-4 tlp-col-sm-2 tlp-col-xs-6 tlp-single-item tlp-isotope-item iso_9 chemoinformatique\">\r\n\t<div class=\"tlp-portfolio-item\">\r\n\t\t\t\t\t\t\t\t\t<div class=\"tlp-content\">\r\n\t\t\t\t\t<div class=\"tlp-content-holder\">\r\n\t\t\t\t\t\t<h3><a href=\"https:\/\/portfolio.wakalas.xyz\/?portfolio=prediction-de-sensibilisation-cutanee-modele-qspr\">Pr\u00e9diction de Sensibilisation cutan\u00e9e (QSPR model)<\/a><\/h3>\r\n\t\t\t\t\t\t<div class=\"extra-features\"> <div class=\"tlp-portfolio-sd\">Cr\u00e9ation d&rsquo;un mod\u00e8le QSPR de pr\u00e9diction de la sensibilisation cutan\u00e9e en utilisant un jeu de donn\u00e9es bas\u00e9 sur des test DPRA <\/div> <ul><li class=\"completed-date\"><label>Completed Date :<\/label>30-05-2022<\/li><li class=\"tools\"><label>Categories :<\/label>Ch\u00e9moinformatique<\/li><li class=\"tools\"><label>Tools :<\/label>KNIME, Instant JChem<\/li><\/ul><\/div>\r\n\t\t\t\t\t<\/div>\r\n\t\t\t\t<\/div>\t<\/div>\r\n<\/div>\r\n<div class=\"tlp-col-md-4 tlp-col-sm-2 tlp-col-xs-6 tlp-single-item tlp-isotope-item iso_12 informatique\">\r\n\t<div class=\"tlp-portfolio-item\">\r\n\t\t\t\t\t\t\t\t\t<div class=\"tlp-content\">\r\n\t\t\t\t\t<div class=\"tlp-content-holder\">\r\n\t\t\t\t\t\t<h3><a href=\"https:\/\/portfolio.wakalas.xyz\/?portfolio=outil-de-signature\">Outil de signature<\/a><\/h3>\r\n\t\t\t\t\t\t<div class=\"extra-features\"> <div class=\"tlp-portfolio-sd\">Outils pour cr\u00e9er des signatures int\u00e9grable dans un documents<\/div> <ul><li class=\"completed-date\"><label>Completed Date :<\/label>09-06-2021<\/li><li class=\"tools\"><label>Categories :<\/label>Informatique<\/li><li class=\"tools\"><label>Tools :<\/label>C#, WPF<\/li><\/ul><\/div>\r\n\t\t\t\t\t<\/div>\r\n\t\t\t\t<\/div>\t<\/div>\r\n<\/div>\r\n<div class=\"tlp-col-md-4 tlp-col-sm-2 tlp-col-xs-6 tlp-single-item tlp-isotope-item iso_12 informatique\">\r\n\t<div class=\"tlp-portfolio-item\">\r\n\t\t\t\t\t\t\t\t\t<div class=\"tlp-content\">\r\n\t\t\t\t\t<div class=\"tlp-content-holder\">\r\n\t\t\t\t\t\t<h3><a href=\"https:\/\/portfolio.wakalas.xyz\/?portfolio=gui-jpj\">G\u00e9n\u00e9rateur de Rapport JPJ (GUI)<\/a><\/h3>\r\n\t\t\t\t\t\t<div class=\"extra-features\"> <div class=\"tlp-portfolio-sd\">GUI Rework of a software for JPJ (M<\/div> <ul><li class=\"completed-date\"><label>Completed Date :<\/label>18-06-2020<\/li><li class=\"tools\"><label>Categories :<\/label>Informatique<\/li><li class=\"tools\"><label>Tools :<\/label>WPF, C#, Freelancer.com, Adobe Photoshop Elements<\/li><\/ul><\/div>\r\n\t\t\t\t\t<\/div>\r\n\t\t\t\t<\/div>\t<\/div>\r\n<\/div>\r\n<div class=\"tlp-col-md-4 tlp-col-sm-2 tlp-col-xs-6 tlp-single-item tlp-isotope-item iso_12 informatique\">\r\n\t<div class=\"tlp-portfolio-item\">\r\n\t\t\t\t\t\t\t\t\t<div class=\"tlp-content\">\r\n\t\t\t\t\t<div class=\"tlp-content-holder\">\r\n\t\t\t\t\t\t<h3><a href=\"https:\/\/portfolio.wakalas.xyz\/?portfolio=projects\">TY-FIT<\/a><\/h3>\r\n\t\t\t\t\t\t<div class=\"extra-features\"> <div class=\"tlp-portfolio-sd\">TY-FIT est un logiciel d&rsquo;assistance de musculation \u00e0 domicile<\/div> <ul><li class=\"completed-date\"><label>Completed Date :<\/label>20-05-2016<\/li><li class=\"tools\"><label>Categories :<\/label>Informatique<\/li><li class=\"tools\"><label>Tools :<\/label>Python, TKInter, Musculation<\/li><\/ul><\/div>\r\n\t\t\t\t\t<\/div>\r\n\t\t\t\t<\/div>\t<\/div>\r\n<\/div>\r\n <\/div><\/div><\/div><\/div>\n<\/div>\n\n\n\n<hr class=\"wp-block-separator has-text-color has-foreground-color has-alpha-channel-opacity has-foreground-background-color has-background is-style-wide\"\/>\n","protected":false},"excerpt":{"rendered":"<p>Voici un r\u00e9capitulatif de mes projets effectu\u00e9s dans plusieurs domaines, que \u00e7a soit lors de mon parcours scolaire ou professionnel.<\/p>\n","protected":false},"author":1,"featured_media":0,"parent":0,"menu_order":0,"comment_status":"closed","ping_status":"closed","template":"","meta":{"_editorskit_title_hidden":false,"_editorskit_reading_time":1,"_editorskit_is_block_options_detached":false,"_editorskit_block_options_position":"{}","footnotes":""},"class_list":["post-53","page","type-page","status-publish","hentry","entry"],"_links":{"self":[{"href":"https:\/\/portfolio.wakalas.xyz\/index.php?rest_route=\/wp\/v2\/pages\/53","targetHints":{"allow":["GET"]}}],"collection":[{"href":"https:\/\/portfolio.wakalas.xyz\/index.php?rest_route=\/wp\/v2\/pages"}],"about":[{"href":"https:\/\/portfolio.wakalas.xyz\/index.php?rest_route=\/wp\/v2\/types\/page"}],"author":[{"embeddable":true,"href":"https:\/\/portfolio.wakalas.xyz\/index.php?rest_route=\/wp\/v2\/users\/1"}],"replies":[{"embeddable":true,"href":"https:\/\/portfolio.wakalas.xyz\/index.php?rest_route=%2Fwp%2Fv2%2Fcomments&post=53"}],"version-history":[{"count":7,"href":"https:\/\/portfolio.wakalas.xyz\/index.php?rest_route=\/wp\/v2\/pages\/53\/revisions"}],"predecessor-version":[{"id":708,"href":"https:\/\/portfolio.wakalas.xyz\/index.php?rest_route=\/wp\/v2\/pages\/53\/revisions\/708"}],"wp:attachment":[{"href":"https:\/\/portfolio.wakalas.xyz\/index.php?rest_route=%2Fwp%2Fv2%2Fmedia&parent=53"}],"curies":[{"name":"wp","href":"https:\/\/api.w.org\/{rel}","templated":true}]}}