{"id":61,"date":"2022-01-16T00:59:06","date_gmt":"2022-01-15T23:59:06","guid":{"rendered":"https:\/\/wakalas.wordpress.com\/?page_id=61"},"modified":"2023-03-18T09:26:33","modified_gmt":"2023-03-18T08:26:33","slug":"parcours-scolaire","status":"publish","type":"page","link":"https:\/\/portfolio.wakalas.xyz\/?page_id=61","title":{"rendered":"Parcours scolaire"},"content":{"rendered":"\n<hr class=\"wp-block-separator has-text-color has-foreground-color has-alpha-channel-opacity has-foreground-background-color has-background\"\/>\n\n\n\n<p class=\"has-small-font-size\"><em>\u00ab\u00a0Les \u00e9tudes sont importantes, mais il est tout aussi important de se rappeler que la vie ne se r\u00e9sume pas \u00e0 ce que l&rsquo;on apprend dans les livres. Il y a des le\u00e7ons que l&rsquo;on apprend uniquement en vivant.\u00a0\u00bb<strong> -WKLS<\/strong><\/em><\/p>\n\n\n\n<h2 class=\"wp-block-heading\">Universit\u00e9<\/h2>\n\n\n\n<ul class=\"is-style-connected has-background-color has-foreground-background-color has-text-color has-background wp-block-list\">\n<li><strong>Facult\u00e9 de Chimie (Universit\u00e9 de Strasbourg)<\/strong> \n<ul class=\"is-style-none wp-block-list\">\n<li><em>Master 1 Chimie Physique Informatique Analytique Mat\u00e9riaux (CPIAM)<\/em><\/li>\n\n\n\n<li><em>2022-2023<\/em><\/li>\n\n\n\n<li><em>Strasbourg (France)<\/em><\/li>\n\n\n\n<li><em>Semestre 1 : valid\u00e9 | Semestre 2 : en cours de validation &#8230;.<\/em><\/li>\n\n\n\n<li><strong><span style=\"text-decoration: underline;\" class=\"ek-underline\">Acquis:<\/span><\/strong>\n<ul class=\"is-style-default wp-block-list\">\n<li><em>Connaissances tr\u00e8s approfondies dans la ch\u00e9moinformatique (base de donn\u00e9es, data science, machine learning, mod\u00e9lisation QSAR\/QSPR, Analyse de GTM, KNIME, Weka, ChemAxon, ISIDA software)<\/em><\/li>\n\n\n\n<li><em>Connaissance tr\u00e8s approfondie en informatique (syst\u00e8me d&rsquo;exploitation et r\u00e9seaux, Python, programmation orient\u00e9e objet en Java, m\u00e9thodes statistiques)<\/em><\/li>\n\n\n\n<li><em>Connaissances tr\u00e8s approfondies en anglais (B2-C1)<\/em><\/li>\n\n\n\n<li><em>Connaissances tr\u00e8s approfondies dans les mati\u00e8res de chimie exp\u00e9rimentale (chimie de synth\u00e8se organique et inorganique, chimie exp\u00e9rimentale analytique, r\u00e9daction et \u00e9tude d&rsquo;articles scientifiques)<\/em><\/li>\n\n\n\n<li><em>Connaissances approfondies dans les mati\u00e8res de chimie physique (spectroscopie, thermodynamique, \u00e9lectrochimie, mod\u00e9lisation mol\u00e9culaire)<\/em><\/li>\n\n\n\n<li><em>Connaissances approfondies dans les mati\u00e8res de valorisation (valorisation professionnelle, valorisation scientifique)<\/em><\/li>\n\n\n\n<li><em>Connaissances tr\u00e8s peu approfondies dans les autres mati\u00e8res (DFT, quantique)<\/em><\/li>\n<\/ul>\n<\/li>\n<\/ul>\n<\/li>\n<\/ul>\n\n\n\n<ul class=\"is-style-connected has-background-color has-foreground-background-color has-text-color has-background wp-block-list\">\n<li><strong>Facult\u00e9 de Chimie (Universit\u00e9 de Strasbourg)<\/strong> \n<ul class=\"is-style-none wp-block-list\">\n<li><em>Licence Chimie (CH)<\/em><\/li>\n\n\n\n<li><em>2019-2022<\/em><\/li>\n\n\n\n<li><em>Strasbourg (France)<\/em><\/li>\n\n\n\n<li><em>Dipl\u00f4me de Licence Chimie<\/em><\/li>\n\n\n\n<li><strong><span style=\"text-decoration: underline;\" class=\"ek-underline\">Acquis:<\/span><\/strong>\n<ul class=\"is-style-default wp-block-list\">\n<li><em>Connaissances tr\u00e8s approfondies dans les mati\u00e8res de chimie mol\u00e9culaire (chimie organique,  chimie inorganique,  chimie biologie, chimie de synth\u00e8se exp\u00e9rimentale)<\/em><\/li>\n\n\n\n<li><em>Connaissances tr\u00e8s approfondies dans les mati\u00e8res de chimie physique(thermodynamique, cin\u00e9tique, interaction onde et mati\u00e8re, spectroscopie, \u00e9lectrochimie, chimie analytique, liaisons non covalentes, chimie analytique exp\u00e9rimentale)<\/em><\/li>\n\n\n\n<li><em>Connaissances tr\u00e8s approfondies en anglais (anglais disciplinaire, anglais pour chimie)<\/em><\/li>\n\n\n\n<li><em>Connaissance tr\u00e8s approfondie en m\u00e9thode universitaire  (r\u00e9daction et \u00e9tude d&rsquo;article scientifique, m\u00e9trologie et incertitudes)<\/em><\/li>\n\n\n\n<li><em>Connaissances<\/em> <em>approfondies dans les autres mati\u00e8res (m\u00e9canique classique, biologie, math\u00e9matique, math\u00e9matique pour la chimie, infochimie)<\/em><\/li>\n\n\n\n<li><em>Connaissances de base en ch\u00e9moinformatique (stage dans un laboratoire)<\/em><\/li>\n\n\n\n<li><em>Connaissances du milieu social \u00e9conomique (stage dans une entreprise)<\/em><\/li>\n\n\n\n<li><em>Connaissances en recherche de projet professionnel<\/em><\/li>\n\n\n\n<li><em>Connaissances peu approfondies dans les mati\u00e8res de physique(m\u00e9canique quantique, DFT, liaison chimie)<\/em><\/li>\n\n\n\n<li><em>Connaissances peu approfondies dans les autres mati\u00e8res (g\u00e9ologie, m\u00e9canique classique)<\/em><\/li>\n<\/ul>\n<\/li>\n<\/ul>\n<\/li>\n<\/ul>\n\n\n\n<ul class=\"is-style-connected has-background-color has-foreground-background-color has-text-color has-background wp-block-list\">\n<li><strong>Facult\u00e9 de M\u00e9decine (Universit\u00e9 de Strasbourg)<\/strong> \n<ul class=\"is-style-none wp-block-list\">\n<li><em>PACES (Premi\u00e8re Ann\u00e9e Commune aux \u00c9tudes de Sant\u00e9)<\/em><\/li>\n\n\n\n<li><em>2017-2019<\/em><\/li>\n\n\n\n<li><em>Strasbourg (France)<\/em><\/li>\n\n\n\n<li><em>Concours rat\u00e9 <\/em><\/li>\n\n\n\n<li> <strong><span style=\"text-decoration: underline;\" class=\"ek-underline\">Acquis:<\/span><\/strong>\n<ul class=\"is-style-default wp-block-list\">\n<li><em>Connaissances approfondies dans les mati\u00e8res de chimie (chimie g\u00e9n\u00e9rale, biochimie)<\/em><\/li>\n\n\n\n<li><em>Connaissances approfondies en science humaines et sant\u00e9 publique<\/em><\/li>\n\n\n\n<li><em>Connaissances de base dans les mati\u00e8res de biologiques (biologie, histologie, embryologie)<\/em><\/li>\n\n\n\n<li><em>Connaissances de base dans les mati\u00e8res de physiques (Thermodynamique, Biophysique, Optique)<\/em><\/li>\n\n\n\n<li><em>Connaissances de base en statistiques (statistique descriptive, tests statistiques, m\u00e9trologie)<\/em><\/li>\n\n\n\n<li><em>Connaissances de base dans l&rsquo;organisation des appareils et des syst\u00e8mes (morphologique et fonctionnel)<\/em><\/li>\n\n\n\n<li><em>Connaissances de base en pharmacologie<\/em><\/li>\n<\/ul>\n<\/li>\n\n\n\n<li>L&rsquo;objectif de faire PACES \u00e9tait de devenir Dentiste ou Pharmacien, durant la premi\u00e8re ann\u00e9e de PACES, je faisais tous les jours un aller-retour Mulhouse Strasbourg ce qui a beaucoup impact\u00e9 sur mes r\u00e9sultats, n\u00e9anmoins j&rsquo;arrivais \u00e0 apprendre plus ou moins.  Durant la deuxi\u00e8me ann\u00e9e, j&rsquo;ai d\u00e9m\u00e9nag\u00e9 \u00e0 Strasbourg, c&rsquo;\u00e9tait moins fatigant. Apr\u00e8s des mois de travail acharn\u00e9 je n\u2019ai quand m\u00eame pas r\u00e9ussi \u00e0 passer le concours, pas parce que je n&rsquo;avais pas les connaissances mais juste parce que le syst\u00e8me d&rsquo;examen n&rsquo;\u00e9tait pas bon pour moi (apprendre par c\u0153ur et m\u00e9moriser). <\/li>\n<\/ul>\n<\/li>\n<\/ul>\n\n\n\n<h2 class=\"wp-block-heading\">Lyc\u00e9e <\/h2>\n\n\n\n<ul class=\"is-style-connected has-background-color has-foreground-background-color has-text-color has-background wp-block-list\">\n<li><strong>Lyc\u00e9e Michel de Montaigne<\/strong>\n\n\n\n\n\n\n\n\n\n\n\n\n<ul class=\"is-style-none wp-block-list\">\n<li><em>G\u00e9n\u00e9ral scientifique, Option ISN (Informatique et Science du Num\u00e9rique)<\/em><\/li>\n\n\n\n<li><em>2014-2017<\/em><\/li>\n\n\n\n<li><em>Mulhouse (France)<\/em><\/li>\n\n\n\n<li><em>Dipl\u00f4mes : Baccalaur\u00e9at scientifique, option ISN<\/em><\/li>\n\n\n\n<li><span style=\"text-decoration: underline;\" class=\"ek-underline\"><strong>Acquis:<\/strong><\/span>\n<ul class=\"is-style-default wp-block-list\">\n<li><em>Baccalaur\u00e9at scientifique option ISN<\/em><\/li>\n\n\n\n<li><em>Connaissances approfondies dans les mati\u00e8res scientifiques (physique, chimie, SVT, math\u00e9matique)<\/em><strong><em> <\/em><\/strong><\/li>\n\n\n\n<li><em>Connaissance en anglais (niv. B1) et en allemand (niv. A2)<\/em><\/li>\n\n\n\n<li><em>Connaissances de base en langage Python et TKInter et science du num\u00e9rique<\/em><\/li>\n\n\n\n<li><em>Connaissances dans les mati\u00e8res non scientifiques<\/em> <em>(histoire, g\u00e9ographie, fran\u00e7ais, sport)<\/em><\/li>\n<\/ul>\n<\/li>\n<\/ul>\n\n\n\n<ul class=\"is-style-none wp-block-list\">\n<li>Durant le lyc\u00e9e, j&rsquo;ai appris les fondements de base approfondie notamment en math\u00e9matique, chimie, physique, science de la vie et de la Terre. Les cours de langues m&rsquo;ont permis d&rsquo;enrichir mes connaissances linguistiques (Anglais LV1, Allemand LV2). Les autres cours m&rsquo;ont permis d&rsquo;enrichir ma culture g\u00e9n\u00e9rale par exemple l&rsquo;histoire, la g\u00e9ographie. Les cours de l&rsquo;option ISN m&rsquo;ont permis de m&rsquo;am\u00e9liorer en notions informatiques et de commencer la programmation en Python.<\/li>\n<\/ul>\n<\/li>\n<\/ul>\n\n\n\n<h2 class=\"wp-block-heading\">Coll\u00e8ge<\/h2>\n\n\n\n<ul class=\"is-style-connected has-background-color has-foreground-background-color has-text-color has-background wp-block-list\">\n<li><strong>Coll\u00e8ge Kennedy<\/strong>\n\n\n\n\n\n\n\n\n\n\n\n\n<ul class=\"is-style-none wp-block-list\">\n<li><em>2009-201<\/em>4<\/li>\n\n\n\n<li><em>Mulhouse (France)<\/em><\/li>\n\n\n\n<li><strong><span style=\"text-decoration: underline;\" class=\"ek-underline\">Acquis :<\/span><\/strong>\n<ul class=\"is-style-default wp-block-list\">\n<li><em>Dipl\u00f4mes de Brevet des coll\u00e8ges, ASSR1 et ASSR2<\/em><\/li>\n\n\n\n<li><em>Connaissance de base dans les mati\u00e8res g\u00e9n\u00e9rales<\/em><\/li>\n\n\n\n<li><em>Connaissance de base en anglais et allemand<\/em><\/li>\n<\/ul>\n<\/li>\n<\/ul>\n\n\n\n<ul class=\"is-style-none wp-block-list\">\n<li>Durant le coll\u00e8ge, j&rsquo;ai appris les fondements de base de toutes les mati\u00e8res g\u00e9n\u00e9rale. C&rsquo;\u00e9tait un d\u00e9but de l&rsquo;apprentissage de l&rsquo;anglais et de l&rsquo;allemand<\/li>\n<\/ul>\n<\/li>\n<\/ul>\n\n\n\n<h2 class=\"wp-block-heading\">Ecole<\/h2>\n\n\n\n<ul class=\"is-style-connected has-background-color has-foreground-background-color has-text-color has-background wp-block-list\">\n<li><strong>\u00c9cole \u00e9l\u00e9mentaire Jean Wagner (uniquement CM2)<\/strong> \n\n\n<ul class=\"is-style-none wp-block-list\">\n<li><em>2008-2009<\/em><\/li>\n\n\n\n<li><em>Mulhouse (France)<\/em><\/li>\n\n\n\n<li><span style=\"text-decoration: underline;\" class=\"ek-underline\"><strong>Acquis:<\/strong><\/span>\n<ul class=\"is-style-default wp-block-list\">\n<li><em>Langue fran\u00e7ais<\/em>e<\/li>\n\n\n\n<li><em>Connaissances de base dans les mati\u00e8res \u00e9l\u00e9mentaires<\/em><\/li>\n<\/ul>\n<\/li>\n<\/ul>\n\n\n\n<ul class=\"is-style-none wp-block-list\">\n<li>Durant l&rsquo;\u00e9cole \u00e9l\u00e9mentaire, je venais d&rsquo;arriver en France, j&rsquo;ai donc appris le fran\u00e7ais, je me suis adapt\u00e9 \u00e0 mon nouvel environnement. Dans les mati\u00e8res autres que le fran\u00e7ais j&rsquo;avais un niveau plus \u00e9lev\u00e9 que les autres \u00e9lev\u00e9s dus \u00e0 mon parcours scolaire dans mon pays o\u00f9 le programme \u00e9tait plus avanc\u00e9 pour le m\u00eame niveau.                 <\/li>\n<\/ul>\n<\/li>\n<\/ul>\n\n\n\n<ul class=\"is-style-connected has-background-color has-foreground-background-color has-text-color has-background wp-block-list\">\n<li><strong>\u00c9cole Derenik Demirchyan N\u00b027 (1er-4\u00e8me classe \u00e9quivalent du CP au CM1)<\/strong>\n<ul class=\"is-style-none wp-block-list\">\n<li><em>2005-2009<\/em><\/li>\n\n\n\n<li>Erevan (Arm\u00e9nie)<\/li>\n\n\n\n<li><span style=\"text-decoration: underline;\" class=\"ek-underline\"><strong>Acquis: <\/strong><\/span>\n<ul class=\"is-style-default wp-block-list\">\n<li><em>Connaissances de base dans les mati\u00e8res \u00e9l\u00e9mentaires (niveau 6\u00e8me en France)<\/em><\/li>\n\n\n\n<li><em>Connaissance de base en Russe (A2)<\/em><\/li>\n\n\n\n<li><em>Connaissance de base en Histoire de l&rsquo;Arm\u00e9nie<\/em><\/li>\n<\/ul>\n<\/li>\n\n\n\n<li>Durant l&rsquo;\u00e9cole \u00e9l\u00e9mentaire en Arm\u00e9nie, j&rsquo;ai appris les connaissances de base dans les mati\u00e8res \u00e9l\u00e9mentaires \u00e9quivalentes \u00e0 un niveau de 6\u00e8me en France, j&rsquo;ai aussi appris le russe en langue \u00e9trang\u00e8re.  <\/li>\n<\/ul>\n<\/li>\n<\/ul>\n\n\n\n<hr class=\"wp-block-separator has-text-color has-foreground-color has-alpha-channel-opacity has-foreground-background-color has-background is-style-wide\"\/>\n","protected":false},"excerpt":{"rendered":"<p>\u00ab\u00a0Les \u00e9tudes sont importantes, mais il est tout aussi important de se rappeler que la vie ne se r\u00e9sume pas \u00e0 ce que l&rsquo;on apprend dans les livres. Il y a des le\u00e7ons que l&rsquo;on apprend uniquement en vivant.\u00a0\u00bb -WKLS Universit\u00e9 Lyc\u00e9e Coll\u00e8ge Ecole<\/p>\n","protected":false},"author":1,"featured_media":0,"parent":0,"menu_order":0,"comment_status":"closed","ping_status":"closed","template":"","meta":{"_editorskit_title_hidden":false,"_editorskit_reading_time":3,"_editorskit_is_block_options_detached":false,"_editorskit_block_options_position":"{}","footnotes":""},"class_list":["post-61","page","type-page","status-publish","hentry","entry"],"_links":{"self":[{"href":"https:\/\/portfolio.wakalas.xyz\/index.php?rest_route=\/wp\/v2\/pages\/61","targetHints":{"allow":["GET"]}}],"collection":[{"href":"https:\/\/portfolio.wakalas.xyz\/index.php?rest_route=\/wp\/v2\/pages"}],"about":[{"href":"https:\/\/portfolio.wakalas.xyz\/index.php?rest_route=\/wp\/v2\/types\/page"}],"author":[{"embeddable":true,"href":"https:\/\/portfolio.wakalas.xyz\/index.php?rest_route=\/wp\/v2\/users\/1"}],"replies":[{"embeddable":true,"href":"https:\/\/portfolio.wakalas.xyz\/index.php?rest_route=%2Fwp%2Fv2%2Fcomments&post=61"}],"version-history":[{"count":38,"href":"https:\/\/portfolio.wakalas.xyz\/index.php?rest_route=\/wp\/v2\/pages\/61\/revisions"}],"predecessor-version":[{"id":712,"href":"https:\/\/portfolio.wakalas.xyz\/index.php?rest_route=\/wp\/v2\/pages\/61\/revisions\/712"}],"wp:attachment":[{"href":"https:\/\/portfolio.wakalas.xyz\/index.php?rest_route=%2Fwp%2Fv2%2Fmedia&parent=61"}],"curies":[{"name":"wp","href":"https:\/\/api.w.org\/{rel}","templated":true}]}}