{"id":64,"date":"2022-01-16T00:59:44","date_gmt":"2022-01-15T23:59:44","guid":{"rendered":"https:\/\/wakalas.wordpress.com\/?page_id=64"},"modified":"2023-03-18T10:41:00","modified_gmt":"2023-03-18T09:41:00","slug":"experiences-professionnelles","status":"publish","type":"page","link":"https:\/\/portfolio.wakalas.xyz\/?page_id=64","title":{"rendered":"Exp\u00e9riences professionnelles"},"content":{"rendered":"\n<hr class=\"wp-block-separator has-text-color has-foreground-color has-alpha-channel-opacity has-foreground-background-color has-background\"\/>\n\n\n\n<div class=\"wp-block-columns is-layout-flex wp-container-core-columns-is-layout-28f84493 wp-block-columns-is-layout-flex\">\n<div class=\"wp-block-column is-layout-flow wp-block-column-is-layout-flow\">\n<ul class=\"is-style-connected has-background-color has-foreground-background-color has-text-color has-background wp-block-list\">\n<li><strong>Stage M1 au Laboratoire de Ch\u00e9moinformatique (Universit\u00e9 de Strasbourg)<\/strong> \n<ul class=\"is-style-none wp-block-list\">\n<li>============================<\/li>\n\n\n\n<li><em>Analyse des bases de donn\u00e9es REAL et Freedom en utilisant GTM (Generative Topologic Maps)<\/em><\/li>\n\n\n\n<li>&#8212;&#8212;&#8212;&#8212;&#8212;&#8212;&#8212;&#8212;&#8212;&#8212;&#8212;&#8212;&#8212;&#8212;&#8211;<\/li>\n\n\n\n<li><em>06\/03\/2023-26\/05\/2023 (3 mois)<\/em><\/li>\n\n\n\n<li>&#8212;&#8212;&#8212;&#8212;&#8212;&#8212;&#8212;&#8212;&#8212;&#8212;&#8212;&#8212;&#8212;&#8212;&#8211;<\/li>\n<\/ul>\n\n\n\n<ul class=\"is-style-none wp-block-list\">\n<li><strong> <span style=\"text-decoration: underline;\" class=\"ek-underline\">T\u00e2ches effectu\u00e9es:<\/span><\/strong>\n<ul class=\"is-style-default wp-block-list\">\n<li><em>Analyse de GTM<\/em><\/li>\n\n\n\n<li><em>Utilisation de ChemAxon<\/em><\/li>\n\n\n\n<li><em>Gestion de base de donn\u00e9es<\/em><\/li>\n\n\n\n<li><em>Scripting Python<\/em><\/li>\n\n\n\n<li><em>Rapport et pr\u00e9sentation d&rsquo;un projet de recherche scientifique<\/em><\/li>\n<\/ul>\n<\/li>\n<\/ul>\n\n\n\n<ul class=\"is-style-none wp-block-list\">\n<li><strong><span style=\"text-decoration: underline;\" class=\"ek-underline\">Soft skills:<\/span><\/strong><\/li>\n<\/ul>\n\n\n\n<ul class=\"is-style-default wp-block-list\">\n<li><em>Responsabilit\u00e9<\/em><\/li>\n\n\n\n<li><em>Autonomie<\/em><\/li>\n\n\n\n<li><em>Adaptabilit\u00e9<\/em><\/li>\n\n\n\n<li><em>Curiosit\u00e9<\/em><\/li>\n\n\n\n<li><em>Gestion du temps<\/em><\/li>\n\n\n\n<li><em>Gestion de stress<\/em><\/li>\n\n\n\n<li><em>R\u00e9solution de probl\u00e8mes<\/em><\/li>\n<\/ul>\n<\/li>\n<\/ul>\n<\/div>\n\n\n\n<div class=\"wp-block-column is-layout-flow wp-block-column-is-layout-flow\">\n<ul class=\"is-style-connected has-background-color has-foreground-background-color has-text-color has-background wp-block-list\">\n<li><strong>Employ\u00e9e \u00e0 la station-service Total Energies\/Carrefour Express<\/strong> <strong>(SARL Sarah)<\/strong> \n<ul class=\"is-style-none wp-block-list\">\n<li>============================<\/li>\n\n\n\n<li><em>Job d&rsquo;\u00e9t\u00e9, job \u00e9tudiant en tant qu&#8217;employ\u00e9 libre-service dans une station-service de Total Energies et Carrefour Express.<\/em><\/li>\n\n\n\n<li>&#8212;&#8212;&#8212;&#8212;&#8212;&#8212;&#8212;&#8212;&#8212;&#8212;&#8212;&#8212;&#8212;&#8212;&#8211;<\/li>\n\n\n\n<li><em>Mai 2021 (stage), \u00c9t\u00e9 2022 (Job d&rsquo;\u00e9t\u00e9) <\/em><\/li>\n\n\n\n<li><em>23-08\/2022- jusqu&rsquo;\u00e0 pr\u00e9sent (Job \u00e9tudiant)<\/em><\/li>\n\n\n\n<li>&#8212;&#8212;&#8212;&#8212;&#8212;&#8212;&#8212;&#8212;&#8212;&#8212;&#8212;&#8212;&#8212;&#8212;&#8211;<\/li>\n\n\n\n<li><em>Strasbourg (France)<\/em><\/li>\n\n\n\n<li>&#8212;&#8212;&#8212;&#8212;&#8212;&#8212;&#8212;&#8212;&#8212;&#8212;&#8212;&#8212;&#8212;&#8212;&#8211;<\/li>\n\n\n\n<li><span style=\"text-decoration: underline;\" class=\"ek-underline\"><strong>T\u00e2ches effectu\u00e9es:<\/strong><\/span>\n<ul class=\"is-style-default wp-block-list\">\n<li><em>Gestion de la boutique, de la caisse, des rayons, de la marchandise, des livraisons, des pompes<\/em> <\/li>\n\n\n\n<li><em>Rangement, mise en rayon et nettoyage<\/em><\/li>\n\n\n\n<li><em>Service client (accueil, aide, conseil)<\/em><\/li>\n<\/ul>\n<\/li>\n<\/ul>\n\n\n\n<ul class=\"is-style-none wp-block-list\">\n<li><span style=\"text-decoration: underline;\" class=\"ek-underline\"><strong>Soft skills:<\/strong><\/span>\n<ul class=\"wp-block-list\">\n<li><em>Responsabilit\u00e9<\/em><\/li>\n\n\n\n<li><em>Adaptabilit\u00e9<\/em><\/li>\n\n\n\n<li><em>Autonomie<\/em><\/li>\n\n\n\n<li><em>Ponctualit\u00e9<\/em><\/li>\n\n\n\n<li><em>Flexibilit\u00e9<\/em><\/li>\n\n\n\n<li><em>Leadership<\/em><\/li>\n\n\n\n<li><em>Communication<\/em><\/li>\n\n\n\n<li><em>Diplomatie<\/em><\/li>\n<\/ul>\n<\/li>\n<\/ul>\n<\/li>\n<\/ul>\n<\/div>\n<\/div>\n\n\n\n<div class=\"wp-block-columns is-layout-flex wp-container-core-columns-is-layout-28f84493 wp-block-columns-is-layout-flex\">\n<div class=\"wp-block-column is-layout-flow wp-block-column-is-layout-flow\">\n<ul class=\"is-style-connected has-background-color has-foreground-background-color has-text-color has-background wp-block-list\">\n<li><strong>Stage L3 au Laboratoire de Ch\u00e9moinformatique (Universit\u00e9 de Strasbourg) <\/strong>\n\n\n\n\n\n\n\n\n\n\n\n\n\n\n\n\n\n\n\n\n\n\n\n\n\n\n\n\n\n\n\n\n\n\n\n\n<ul class=\"is-style-none wp-block-list\">\n<li>============================<\/li>\n\n\n\n<li><em>Cr\u00e9ation\/Etude sur un nouveau mod\u00e8le QSPR pour la pr\u00e9diction de la sensibilisation cutan\u00e9e (Skin sensitization)<\/em><\/li>\n\n\n\n<li>&#8212;&#8212;&#8212;&#8212;&#8212;&#8212;&#8212;&#8212;&#8212;&#8212;&#8212;&#8212;&#8212;&#8211;<\/li>\n\n\n\n<li><em>Mai 2022 (1 mois)<\/em><\/li>\n\n\n\n<li>&#8212;&#8212;&#8212;&#8212;&#8212;&#8212;&#8212;&#8212;&#8212;&#8212;&#8212;&#8212;&#8212;&#8211;<\/li>\n<\/ul>\n\n\n\n<ul class=\"is-style-none wp-block-list\">\n<li><strong> <span style=\"text-decoration: underline;\" class=\"ek-underline\">T\u00e2ches effectu\u00e9es:<\/span><\/strong>\n<ul class=\"is-style-default wp-block-list\">\n<li>Utilisation de InstantJChem<\/li>\n\n\n\n<li>Utilisation de KNIME <\/li>\n\n\n\n<li>Utilisation de Weka<\/li>\n\n\n\n<li><em>Gestion de base de donn\u00e9es<\/em><\/li>\n\n\n\n<li><em>Rapport et pr\u00e9sentation d&rsquo;un projet scientifique<\/em><\/li>\n\n\n\n<li><em>Scripting Python<\/em><\/li>\n<\/ul>\n<\/li>\n\n\n\n<li><\/li>\n\n\n\n<li><\/li>\n\n\n\n<li><span style=\"text-decoration: underline;\" class=\"ek-underline\"><strong>Soft skills:<\/strong><\/span><\/li>\n<\/ul>\n\n\n\n<ul class=\"is-style-default wp-block-list\">\n<li><em>Autonomie<\/em><\/li>\n<\/ul>\n\n\n\n<ul class=\"is-style-default wp-block-list\">\n<li><em>Curiosit\u00e9<\/em><\/li>\n<\/ul>\n\n\n\n<ul class=\"is-style-default wp-block-list\">\n<li><em>Gestion de stress<\/em><\/li>\n\n\n\n<li><em>Communication<\/em><\/li>\n<\/ul>\n<\/li>\n\n\n\n<li><\/li>\n<\/ul>\n<\/div>\n\n\n\n<div class=\"wp-block-column is-layout-flow wp-block-column-is-layout-flow\">\n<ul class=\"is-style-connected has-background-color has-foreground-background-color has-text-color has-background wp-block-list\">\n<li><strong>Employ\u00e9e \u00e0 la station-service Total Energies (SARL Farah) <\/strong> \n<ul class=\"is-style-none wp-block-list\">\n<li>============================<\/li>\n\n\n\n<li><em>Job d&rsquo;\u00e9t\u00e9 en tant qu&#8217;employ\u00e9 libre-service dans une station-service de Total Energies <\/em><\/li>\n\n\n\n<li>&#8212;&#8212;&#8212;&#8212;&#8212;&#8212;&#8212;&#8212;&#8212;&#8212;&#8212;&#8212;&#8212;&#8211;<\/li>\n<\/ul>\n\n\n\n<ul class=\"is-style-none wp-block-list\">\n<li><em>Juillet 2021<\/em><\/li>\n\n\n\n<li>&#8212;&#8212;&#8212;&#8212;&#8212;&#8212;&#8212;&#8212;&#8212;&#8212;&#8212;&#8212;&#8212;&#8211;<\/li>\n\n\n\n<li><em>Strasbourg (France)<\/em><\/li>\n\n\n\n<li>&#8212;&#8212;&#8212;&#8212;&#8212;&#8212;&#8212;&#8212;&#8212;&#8212;&#8212;&#8212;&#8212;&#8211;<\/li>\n\n\n\n<li><span style=\"text-decoration: underline;\" class=\"ek-underline\"><strong>T\u00e2ches effectu\u00e9es:<\/strong><\/span>\n<ul class=\"is-style-default wp-block-list\">\n<li><em>Gestion de la boutique, de la caisse, des rayons, de la marchandise, des livraisons, des pompes<\/em> <\/li>\n\n\n\n<li><em>Rangement, mise en rayon, facing et nettoyage<\/em><\/li>\n\n\n\n<li><em>Service client (accueil, aide, conseil)<\/em><\/li>\n\n\n\n<li><em>Pr\u00e9paration de commandes externes (Uber Eats, To Good to go)<\/em><\/li>\n<\/ul>\n<\/li>\n\n\n\n<li><span style=\"text-decoration: underline;\" class=\"ek-underline\"><strong>Soft skills:<\/strong><\/span>\n<ul class=\"wp-block-list\">\n<li><em>Responsabilit\u00e9<\/em><\/li>\n\n\n\n<li><em>Adaptabilit\u00e9<\/em><\/li>\n\n\n\n<li><em>Autonomie<\/em><\/li>\n\n\n\n<li><em>Ponctualit\u00e9<\/em><\/li>\n\n\n\n<li><em>Flexibilit\u00e9<\/em><\/li>\n\n\n\n<li><em>Leadership<\/em><\/li>\n\n\n\n<li><em>Travail en \u00e9quipe<\/em><\/li>\n\n\n\n<li><em>Communication<\/em><\/li>\n\n\n\n<li><em>Diplomatie<\/em><\/li>\n<\/ul>\n<\/li>\n<\/ul>\n<\/li>\n<\/ul>\n<\/div>\n<\/div>\n\n\n\n<ul class=\"is-style-connected has-background-color has-foreground-background-color has-text-color has-background wp-block-list\">\n<li><strong>Freelance<\/strong>  \n\n\n\n\n\n\n<ul class=\"is-style-none wp-block-list\">\n<li>============================================================================<\/li>\n\n\n\n<li><em>Missions freelance gratuits ou r\u00e9mun\u00e9r\u00e9s <\/em><\/li>\n\n\n\n<li>&#8212;&#8212;&#8212;&#8212;&#8212;&#8212;&#8212;&#8212;&#8212;&#8212;&#8212;&#8212;&#8212;&#8212;&#8212;&#8212;&#8212;&#8212;&#8212;&#8212;&#8212;&#8212;&#8212;&#8212;&#8212;&#8212;&#8212;&#8212;&#8212;&#8212;&#8212;&#8212;&#8212;&#8212;&#8212;&#8211;<\/li>\n<\/ul>\n\n\n\n<ul class=\"is-style-default wp-block-list\">\n<li><em><strong>Am\u00e9lioration de l&rsquo;interface graphique pour un logiciel de g\u00e9n\u00e9rateur de rapport pour le D\u00e9partement des transports routiers de Malaisie <\/strong><\/em>\n<ul class=\"is-style-none wp-block-list\">\n<li>&#8212;&#8212;&#8212;&#8212;&#8212;&#8212;&#8212;&#8212;&#8212;&#8212;&#8212;&#8212;&#8212;&#8212;&#8212;&#8212;&#8212;&#8212;&#8212;&#8212;&#8212;&#8212;&#8212;&#8212;&#8212;&#8212;&#8212;&#8212;&#8212;&#8212;&#8212;&#8212;&#8212;&#8211;<\/li>\n\n\n\n<li><em>50 $<\/em><\/li>\n\n\n\n<li>&#8212;&#8212;&#8212;&#8212;&#8212;&#8212;&#8212;&#8212;&#8212;&#8212;&#8212;&#8212;&#8212;&#8212;&#8212;&#8212;&#8212;&#8212;&#8212;&#8212;&#8212;&#8212;&#8212;&#8212;&#8212;&#8212;&#8212;&#8212;&#8212;&#8212;&#8212;&#8212;&#8212;&#8211;<\/li>\n\n\n\n<li><em>Juin 2020 (1 semaine)<\/em><\/li>\n\n\n\n<li>&#8212;&#8212;&#8212;&#8212;&#8212;&#8212;&#8212;&#8212;&#8212;&#8212;&#8212;&#8212;&#8212;&#8212;&#8212;&#8212;&#8212;&#8212;&#8212;&#8212;&#8212;&#8212;&#8212;&#8212;&#8212;&#8212;&#8212;&#8212;&#8212;&#8212;&#8212;&#8212;&#8212;&#8211;\n<ul class=\"wp-block-list\">\n<li><span style=\"text-decoration: underline;\" class=\"ek-underline\"><strong>T\u00e2ches effectu\u00e9es:<\/strong><\/span>\n<ul class=\"is-style-default wp-block-list\">\n<li><em>Am\u00e9lioration du logiciel avec WPF <\/em><\/li>\n\n\n\n<li><em>Nouveau design pour le logiciel <\/em><\/li>\n\n\n\n<li><em>Am\u00e9lioration du code en C#<\/em><\/li>\n<\/ul>\n<\/li>\n\n\n\n<li><span style=\"text-decoration: underline;\" class=\"ek-underline\"><strong>Soft skills:<\/strong><\/span>\n<ul class=\"wp-block-list\">\n<li><em>Responsabilit\u00e9<\/em><\/li>\n\n\n\n<li><em>Adaptabilit\u00e9<\/em><\/li>\n\n\n\n<li><em>Autonomie<\/em><\/li>\n\n\n\n<li><em>Ponctualit\u00e9<\/em><\/li>\n\n\n\n<li><em>Flexibilit\u00e9<\/em><\/li>\n\n\n\n<li><em>Communication<\/em><\/li>\n\n\n\n<li><em>Diplomatie<\/em><\/li>\n<\/ul>\n<\/li>\n<\/ul>\n<\/li>\n\n\n\n<li>========================================================================<\/li>\n<\/ul>\n<\/li>\n\n\n\n<li><em><strong>Cr\u00e9ation d&rsquo;un UpLauncher pour un serveur priv\u00e9 de jeu vid\u00e9o <\/strong><\/em>\n<ul class=\"is-style-none wp-block-list\">\n<li>&#8212;&#8212;&#8212;&#8212;&#8212;&#8212;&#8212;&#8212;&#8212;&#8212;&#8212;&#8212;&#8212;&#8212;&#8212;&#8212;&#8212;&#8212;&#8212;&#8212;&#8212;&#8212;&#8212;&#8212;&#8212;&#8212;&#8212;&#8212;&#8212;&#8212;&#8212;&#8212;&#8212;&#8211;<\/li>\n\n\n\n<li>3<em>0 \u20ac<\/em><\/li>\n\n\n\n<li>&#8212;&#8212;&#8212;&#8212;&#8212;&#8212;&#8212;&#8212;&#8212;&#8212;&#8212;&#8212;&#8212;&#8212;&#8212;&#8212;&#8212;&#8212;&#8212;&#8212;&#8212;&#8212;&#8212;&#8212;&#8212;&#8212;&#8212;&#8212;&#8212;&#8212;&#8212;&#8212;&#8212;&#8211;<\/li>\n\n\n\n<li><em>2015 (3 jours)<\/em><\/li>\n\n\n\n<li>&#8212;&#8212;&#8212;&#8212;&#8212;&#8212;&#8212;&#8212;&#8212;&#8212;&#8212;&#8212;&#8212;&#8212;&#8212;&#8212;&#8212;&#8212;&#8212;&#8212;&#8212;&#8212;&#8212;&#8212;&#8212;&#8212;&#8212;&#8212;&#8212;&#8212;&#8212;&#8212;&#8212;&#8211;\n<ul class=\"wp-block-list\">\n<li><span style=\"text-decoration: underline;\" class=\"ek-underline\"><strong>T\u00e2ches effectu\u00e9es:<\/strong><\/span>\n<ul class=\"is-style-default wp-block-list\">\n<li><em>Am\u00e9lioration du logiciel avec WPF <\/em><\/li>\n\n\n\n<li><em>Nouveau design pour le logiciel <\/em><\/li>\n\n\n\n<li><em>Am\u00e9lioration du code en C#<\/em><\/li>\n<\/ul>\n<\/li>\n\n\n\n<li><span style=\"text-decoration: underline;\" class=\"ek-underline\"><strong>Soft skills:<\/strong><\/span>\n<ul class=\"wp-block-list\">\n<li>Communication<\/li>\n\n\n\n<li><em>Autonomie<\/em><\/li>\n\n\n\n<li><em>Diplomatie<\/em><\/li>\n<\/ul>\n<\/li>\n<\/ul>\n<\/li>\n<\/ul>\n<\/li>\n<\/ul>\n<\/li>\n<\/ul>\n\n\n\n<ul class=\"is-style-connected has-background-color has-foreground-background-color has-text-color has-background wp-block-list\">\n<li><strong>Missions informatiques chez ArmDeco (SARL ArmDeco)    <\/strong> \n<ul class=\"is-style-none wp-block-list\">\n<li>============================================================================<\/li>\n\n\n\n<li>Missions freelance gratuits ou r\u00e9mun\u00e9r\u00e9s <\/li>\n\n\n\n<li>Am\u00e9lioration de l&rsquo;interface graphique pour un logiciel de g\u00e9n\u00e9rateur de rapport pour le D\u00e9partement des transports routiers de Malaisie <\/li>\n\n\n\n<li><span style=\"text-decoration: underline;\" class=\"ek-underline\"><strong>T\u00e2ches effectu\u00e9es:<\/strong><\/span>\n<ul class=\"wp-block-list\">\n<li><em>Cr\u00e9ation de site web vitrine avec WordPress pour l&rsquo;entreprise<\/em><strong><em> <\/em><\/strong><\/li>\n\n\n\n<li><em>Gestion d&rsquo;annonce sur Leboncoin (photos, description et vente)<\/em><\/li>\n\n\n\n<li><em>Cr\u00e9ation d&rsquo;un catalogue pour les produits<\/em><\/li>\n<\/ul>\n<\/li>\n<\/ul>\n\n\n\n<ul class=\"is-style-none wp-block-list\">\n<li><span style=\"text-decoration: underline;\" class=\"ek-underline\"><strong>Soft skills:<\/strong><\/span>\n<ul class=\"wp-block-list\">\n<li><em>Responsabilit\u00e9<\/em><\/li>\n\n\n\n<li><em>Adaptabilit\u00e9<\/em><\/li>\n\n\n\n<li><em>Autonomie<\/em><\/li>\n<\/ul>\n<\/li>\n<\/ul>\n\n\n\n<ul class=\"wp-block-list\">\n<li><em>Flexibilit\u00e9<\/em><\/li>\n\n\n\n<li><em>Communication<\/em><\/li>\n<\/ul>\n<\/li>\n<\/ul>\n\n\n\n<p class=\"has-text-align-right has-small-font-size\"><em>\u00ab\u00a0Le meilleur moyen de pr\u00e9dire l&rsquo;avenir, c&rsquo;est de le cr\u00e9er.\u00a0\u00bb<strong> &#8211; Peter Drucker<\/strong><\/em><\/p>\n\n\n\n<hr class=\"wp-block-separator has-text-color has-foreground-color has-alpha-channel-opacity has-foreground-background-color has-background is-style-wide\"\/>\n","protected":false},"excerpt":{"rendered":"<p>\u00ab\u00a0Le meilleur moyen de pr\u00e9dire l&rsquo;avenir, c&rsquo;est de le cr\u00e9er.\u00a0\u00bb &#8211; Peter Drucker<\/p>\n","protected":false},"author":1,"featured_media":0,"parent":0,"menu_order":0,"comment_status":"closed","ping_status":"closed","template":"","meta":{"_editorskit_title_hidden":false,"_editorskit_reading_time":2,"_editorskit_is_block_options_detached":false,"_editorskit_block_options_position":"{}","footnotes":""},"class_list":["post-64","page","type-page","status-publish","hentry","entry"],"_links":{"self":[{"href":"https:\/\/portfolio.wakalas.xyz\/index.php?rest_route=\/wp\/v2\/pages\/64","targetHints":{"allow":["GET"]}}],"collection":[{"href":"https:\/\/portfolio.wakalas.xyz\/index.php?rest_route=\/wp\/v2\/pages"}],"about":[{"href":"https:\/\/portfolio.wakalas.xyz\/index.php?rest_route=\/wp\/v2\/types\/page"}],"author":[{"embeddable":true,"href":"https:\/\/portfolio.wakalas.xyz\/index.php?rest_route=\/wp\/v2\/users\/1"}],"replies":[{"embeddable":true,"href":"https:\/\/portfolio.wakalas.xyz\/index.php?rest_route=%2Fwp%2Fv2%2Fcomments&post=64"}],"version-history":[{"count":40,"href":"https:\/\/portfolio.wakalas.xyz\/index.php?rest_route=\/wp\/v2\/pages\/64\/revisions"}],"predecessor-version":[{"id":715,"href":"https:\/\/portfolio.wakalas.xyz\/index.php?rest_route=\/wp\/v2\/pages\/64\/revisions\/715"}],"wp:attachment":[{"href":"https:\/\/portfolio.wakalas.xyz\/index.php?rest_route=%2Fwp%2Fv2%2Fmedia&parent=64"}],"curies":[{"name":"wp","href":"https:\/\/api.w.org\/{rel}","templated":true}]}}