{"id":67,"date":"2022-01-16T01:00:56","date_gmt":"2022-01-16T00:00:56","guid":{"rendered":"https:\/\/wakalas.wordpress.com\/?page_id=67"},"modified":"2023-09-06T23:12:40","modified_gmt":"2023-09-06T21:12:40","slug":"parcours-de-vie","status":"publish","type":"page","link":"https:\/\/portfolio.wakalas.xyz\/?page_id=67","title":{"rendered":"Parcours de vie"},"content":{"rendered":"\n<hr class=\"wp-block-separator has-text-color has-foreground-color has-alpha-channel-opacity has-foreground-background-color has-background\"\/>\n\n\n\n<p class=\"has-text-align-justify\">Je suis YEGHYAN Erik, n\u00e9 le 19 ao\u00fbt 1999 \u00e0 Erevan en Arm\u00e9nie. Mon parcours a \u00e9t\u00e9 marqu\u00e9 par un changement majeur lorsque mes parents ont migr\u00e9 en France alors que j&rsquo;avais 10 ans. Bien que ce changement ait \u00e9t\u00e9 difficile sur le plan financier et social pour la famille, j&rsquo;ai r\u00e9ussi \u00e0 m&rsquo;adapter rapidement \u00e0 mon nouvel environnement en France, malgr\u00e9 les difficult\u00e9s initiales que j&rsquo;ai rencontr\u00e9es en raison de la barri\u00e8re de la langue, de manque de connaissance etc.<\/p>\n\n\n\n<p class=\"has-text-align-justify\">Au fil du temps, j&rsquo;ai surmont\u00e9 ces obstacles et j&rsquo;ai rapidement commenc\u00e9 \u00e0 exceller \u00e0 l&rsquo;\u00e9cole, en particulier en math\u00e9matiques, malgr\u00e9 mes difficult\u00e9s en fran\u00e7ais, j&rsquo;ai rapidement appris la langue et c&rsquo;\u00e9tait plus difficile d&rsquo;apprendre les choses dans une autre langue que sa langue maternelle.  N\u00e9anmoins, notre situation financi\u00e8re et sociale \u00e9tait encore pr\u00e9caire jusqu&rsquo;\u00e0 ce que nous soyons r\u00e9gularis\u00e9s en 2015, ce qui nous a permis de mieux vivre car mes parents pouvaient travailler et vivre l\u00e9galement en France sans stress suppl\u00e9mentaire concernant la r\u00e9gularisation.  Malgr\u00e9 ces difficult\u00e9s, j&rsquo;ai pers\u00e9v\u00e9r\u00e9 et obtenu mon BAC scientifique avec mention. <\/p>\n\n\n\n<p class=\"has-text-align-justify\">Habitu\u00e9 de recommencer tout de z\u00e9ro,  j&rsquo;ai d\u00e9m\u00e9nag\u00e9 \u00e0 Strasbourg pour tenter ma chance pour des \u00e9tudes m\u00e9dicales, mais \u00e0 cause du syst\u00e8me mis en place, je n&rsquo;ai pas pu passer le concours de PACES. Les deux ann\u00e9es de pr\u00e9paration en PACES ont \u00e9t\u00e9 tr\u00e8s enrichissantes pour moi car j&rsquo;ai su me cultiver dans le domaine scientifique, notamment en biologie, chimie et physique. <\/p>\n\n\n\n<p class=\"has-text-align-justify\">Apr\u00e8s ces \u00e9checs qui n&rsquo;\u00e9taient que des \u00e9checs sur l\u2019aspect concours, j&rsquo;ai d\u00e9cid\u00e9 de me r\u00e9orienter en licence de chimie, bien que j&rsquo;aie \u00e9t\u00e9 refus\u00e9 pour une licence en informatique, m\u00eame si mes comp\u00e9tences en informatique \u00e9taient sup\u00e9rieures \u00e0 celles des \u00e9tudiants de L2.  J&rsquo;\u00e9tais curieux de la science en g\u00e9n\u00e9ral, et j&rsquo;ai choisi la chimie car c&rsquo;\u00e9tait ce que j&rsquo;aimais le plus apr\u00e8s l&rsquo;informatique.  J&rsquo;ai d\u00e9couvert la ch\u00e9moinformatique en durant mes ann\u00e9es de licence pendant un projet de recherche de projet professionnel. Durant ma derni\u00e8re ann\u00e9e de licence, j&rsquo;ai effectu\u00e9 un stage dans le <em>Laboratoire de Ch\u00e9moinformatique<\/em> de l&rsquo;Universit\u00e9 de Strasbourg (France), ce qui m&rsquo;a beaucoup plu, j&rsquo;ai imm\u00e9diatement su que \u00e7a allait \u00eatre mon avenir, car j&rsquo;\u00e9tais s\u00fbr que l&rsquo;informatique appliqu\u00e9e \u00e0 la science allait prendre une grande ampleur dans le domaine scientifique \u00e0 cause des progr\u00e8s technologiques et informatiques.<\/p>\n\n\n\n<p class=\"has-text-align-justify\">Parall\u00e8lement \u00e0 mes \u00e9tudes durant toute mon adolescence, j&rsquo;ai pass\u00e9 beaucoup de temps devant les ordinateurs, ce qui m&rsquo;a permis d&rsquo;acqu\u00e9rir des comp\u00e9tences en informatique dans divers domaines tels que le d\u00e9pannage, la programmation, le montage photo\/vid\u00e9o, la mod\u00e9lisation 3D, etc. Ces comp\u00e9tences m&rsquo;ont permis de faire des petits boulots par-ci par-l\u00e0, notamment d&rsquo;effectuer des missions informatiques chez l&rsquo;entreprise <em>ArmDeco<\/em> \u00e0 l&rsquo;\u00e2ge de 14 ans, ainsi que sur des forums sur internet. Durant ma licence de chimie, apr\u00e8s avoir fait un stage de d\u00e9couverte en milieu socio-\u00e9conomique, j&rsquo;ai pu aussi commencer \u00e0 travailler dans une station-service (job \u00e9tudiant) dans lequel j&rsquo;y travaille toujours.<\/p>\n\n\n\n<p class=\"has-text-align-justify\">Je suis actuellement en Master CPIAM (Chimie, Physique, Informatique, Analytique et Mat\u00e9riaux) et j&rsquo;effectue mon stage de M1 (3 mois) au <em>Laboratoire de Ch\u00e9moinformatique<\/em> de l&rsquo;Universit\u00e9 de Strasbourg. Un nouveau projet de recherche m&rsquo;a \u00e9t\u00e9 confi\u00e9 car je me d\u00e9brouille assez bien en ch\u00e9moinformatique. Ce projet correspond \u00e0 un niveau M2 ch\u00e9moinformatique et je m&rsquo;en sors plut\u00f4t bien.<\/p>\n\n\n\n<p class=\"has-text-align-justify\"><strong>J&rsquo;ai tout laiss\u00e9 dans mon pays, et j&rsquo;ai recommenc\u00e9 ma vie \u00e0 partir de z\u00e9ro en France, aujourd&rsquo;hui je suis ind\u00e9pendant de mes parents, j&rsquo;ai mon propre appartement, ma propre voiture etc&#8230; Et ce n&rsquo;est pas pour me vanter, c&rsquo;est juste pour vous prouver qu&rsquo;avec un peu d&rsquo;efforts, de pers\u00e9v\u00e9rance et de discipline on peut atteindre nos r\u00eaves, m\u00eame si vous commencez \u00e0 partir de rien. <\/strong><\/p>\n\n\n\n<p class=\"has-text-align-right\" style=\"font-size:14px\"><em>\u00ab\u00a0Le parcours de vie est une toile complexe tiss\u00e9e par les exp\u00e9riences pass\u00e9es, les choix pr\u00e9sents et les r\u00eaves futurs, qui forme la personne unique que nous sommes et qui continue de se fa\u00e7onner tout au long de notre voyage.\u00a0\u00bb <strong>-WKLS<\/strong><\/em><\/p>\n\n\n\n<hr class=\"wp-block-separator has-text-color has-foreground-color has-alpha-channel-opacity has-foreground-background-color has-background is-style-wide\"\/>\n","protected":false},"excerpt":{"rendered":"<p>Je suis YEGHYAN Erik, n\u00e9 le 19 ao\u00fbt 1999 \u00e0 Erevan en Arm\u00e9nie. Mon parcours a \u00e9t\u00e9 marqu\u00e9 par un changement majeur lorsque mes parents ont migr\u00e9 en France alors que j&rsquo;avais 10 ans. Bien que ce changement ait \u00e9t\u00e9 difficile sur le plan financier et social pour la famille, j&rsquo;ai r\u00e9ussi \u00e0 m&rsquo;adapter rapidement<a class=\"more-link\" href=\"https:\/\/portfolio.wakalas.xyz\/?page_id=67\">Continue reading <span class=\"screen-reader-text\">\u00ab\u00a0Parcours de vie\u00a0\u00bb<\/span><\/a><\/p>\n","protected":false},"author":1,"featured_media":0,"parent":0,"menu_order":0,"comment_status":"closed","ping_status":"closed","template":"","meta":{"_editorskit_title_hidden":false,"_editorskit_reading_time":2,"_editorskit_is_block_options_detached":false,"_editorskit_block_options_position":"{}","footnotes":""},"class_list":["post-67","page","type-page","status-publish","hentry","entry"],"_links":{"self":[{"href":"https:\/\/portfolio.wakalas.xyz\/index.php?rest_route=\/wp\/v2\/pages\/67","targetHints":{"allow":["GET"]}}],"collection":[{"href":"https:\/\/portfolio.wakalas.xyz\/index.php?rest_route=\/wp\/v2\/pages"}],"about":[{"href":"https:\/\/portfolio.wakalas.xyz\/index.php?rest_route=\/wp\/v2\/types\/page"}],"author":[{"embeddable":true,"href":"https:\/\/portfolio.wakalas.xyz\/index.php?rest_route=\/wp\/v2\/users\/1"}],"replies":[{"embeddable":true,"href":"https:\/\/portfolio.wakalas.xyz\/index.php?rest_route=%2Fwp%2Fv2%2Fcomments&post=67"}],"version-history":[{"count":10,"href":"https:\/\/portfolio.wakalas.xyz\/index.php?rest_route=\/wp\/v2\/pages\/67\/revisions"}],"predecessor-version":[{"id":765,"href":"https:\/\/portfolio.wakalas.xyz\/index.php?rest_route=\/wp\/v2\/pages\/67\/revisions\/765"}],"wp:attachment":[{"href":"https:\/\/portfolio.wakalas.xyz\/index.php?rest_route=%2Fwp%2Fv2%2Fmedia&parent=67"}],"curies":[{"name":"wp","href":"https:\/\/api.w.org\/{rel}","templated":true}]}}